{"id":2561,"date":"2023-01-16T17:24:01","date_gmt":"2023-01-16T17:24:01","guid":{"rendered":"http:\/\/verbalis.hr\/o-nama\/mihaela-uzar-prof\/"},"modified":"2023-03-06T15:23:10","modified_gmt":"2023-03-06T15:23:10","slug":"mihaela-uzar-prof","status":"publish","type":"page","link":"https:\/\/verbalis.hr\/de\/ueber-uns-verbalis\/mihaela-uzar-prof\/","title":{"rendered":"Mihaela U\u017ear, prof."},"content":{"rendered":"\t\t<div data-elementor-type=\"wp-page\" data-elementor-id=\"2561\" class=\"elementor elementor-2561 elementor-341\">\n\t\t\t\t\t\t<section class=\"elementor-section elementor-top-section elementor-element elementor-element-a00bda4 elementor-section-boxed elementor-section-height-default elementor-section-height-default\" data-id=\"a00bda4\" data-element_type=\"section\">\n\t\t\t\t\t\t<div class=\"elementor-container elementor-column-gap-default\">\n\t\t\t\t\t<div class=\"aux-parallax-section elementor-column elementor-col-100 elementor-top-column elementor-element elementor-element-c35c826\" data-id=\"c35c826\" data-element_type=\"column\">\n\t\t\t<div class=\"elementor-widget-wrap elementor-element-populated\">\n\t\t\t\t\t\t<div class=\"elementor-element elementor-element-0ee300a elementor-widget elementor-widget-aux_image\" data-id=\"0ee300a\" data-element_type=\"widget\" data-widget_type=\"aux_image.default\">\n\t\t\t\t<div class=\"elementor-widget-container\">\n\t\t\t<section class=\"widget-container aux-widget-image aux-alignnone aux-parent-au4fcf73d6\">\n    <div class=\"aux-media-hint-frame \">\n        <div class=\"aux-media-image \" >\n        \n            \n\n            \n            <img decoding=\"async\" src=\"https:\/\/verbalis.hr\/wp-content\/uploads\/2023\/01\/Group_7543-alt5.svg\" alt=\"\" \/>            \n                <\/div>\n    <\/div>\n\n<\/section><!-- widget-container -->\t\t<\/div>\n\t\t\t\t<\/div>\n\t\t\t\t<section class=\"elementor-section elementor-inner-section elementor-element elementor-element-7fc97fd elementor-section-boxed elementor-section-height-default elementor-section-height-default\" data-id=\"7fc97fd\" data-element_type=\"section\">\n\t\t\t\t\t\t<div class=\"elementor-container elementor-column-gap-default\">\n\t\t\t\t\t<div class=\"aux-parallax-section elementor-column elementor-col-50 elementor-inner-column elementor-element elementor-element-abff0fb\" data-id=\"abff0fb\" data-element_type=\"column\">\n\t\t\t<div class=\"elementor-widget-wrap elementor-element-populated\">\n\t\t\t\t\t\t<div class=\"elementor-element elementor-element-4d45c61 elementor-widget elementor-widget-image\" data-id=\"4d45c61\" data-element_type=\"widget\" data-widget_type=\"image.default\">\n\t\t\t\t<div class=\"elementor-widget-container\">\n\t\t\t\t\t\t\t\t\t\t\t\t\t<img fetchpriority=\"high\" decoding=\"async\" width=\"600\" height=\"600\" src=\"https:\/\/verbalis.hr\/wp-content\/uploads\/2023\/01\/Mihaela-Uzar.jpg\" class=\"attachment-full size-full wp-image-390\" alt=\"Mihaela U\u017ear\" srcset=\"https:\/\/verbalis.hr\/wp-content\/uploads\/2023\/01\/Mihaela-Uzar.jpg 600w, https:\/\/verbalis.hr\/wp-content\/uploads\/2023\/01\/Mihaela-Uzar-300x300.jpg 300w, https:\/\/verbalis.hr\/wp-content\/uploads\/2023\/01\/Mihaela-Uzar-150x150.jpg 150w, https:\/\/verbalis.hr\/wp-content\/uploads\/2023\/01\/Mihaela-Uzar-200x200.jpg 200w\" sizes=\"(max-width: 600px) 100vw, 600px\" \/>\t\t\t\t\t\t\t\t\t\t\t\t\t<\/div>\n\t\t\t\t<\/div>\n\t\t\t\t\t<\/div>\n\t\t<\/div>\n\t\t\t\t<div class=\"aux-parallax-section elementor-column elementor-col-50 elementor-inner-column elementor-element elementor-element-952f231\" data-id=\"952f231\" data-element_type=\"column\">\n\t\t\t<div class=\"elementor-widget-wrap elementor-element-populated\">\n\t\t\t\t\t\t<div class=\"elementor-element elementor-element-406a1a1 aux-appear-watch-animation aux-fade-in-right elementor-widget elementor-widget-aux_modern_heading\" data-id=\"406a1a1\" data-element_type=\"widget\" data-widget_type=\"aux_modern_heading.default\">\n\t\t\t\t<div class=\"elementor-widget-container\">\n\t\t\t<section class=\"aux-widget-modern-heading\">\n            <div class=\"aux-widget-inner\"><p class=\"aux-modern-heading-primary\">VEREIDIGTE GERICHTSDOLMETSCHERIN UND \u00dcBERSETZERIN<\/p><div class=\"aux-modern-heading-divider\"><\/div><h3 class=\"aux-modern-heading-secondary\"><span class=\"aux-head-before\">Mihaela U\u017ear, prof. <\/span><\/h3><\/div>\n        <\/section>\t\t<\/div>\n\t\t\t\t<\/div>\n\t\t\t\t<div class=\"elementor-element elementor-element-1e55d63 elementor-widget elementor-widget-text-editor\" data-id=\"1e55d63\" data-element_type=\"widget\" data-widget_type=\"text-editor.default\">\n\t\t\t\t<div class=\"elementor-widget-container\">\n\t\t\t\t\t\t\t<p>Mihaela U\u017ear ist unsere vereidigte <a href=\"https:\/\/verbalis.hr\/de\/dienstleistungen\/gerichtsdolmetscher\/\">Gerichtsdolmetscherin<\/a> und \u00dcbersetzerin f\u00fcr Kroatisch, Deutsch und Slowenisch. Nach dem Studienabschluss an der Philosophischen Fakult\u00e4t in Ljubljana erwarb sie am Gespanschaftsgericht in Rijeka den Titel der vereidigten Gerichtsdolmetscherin f\u00fcr Slowenisch und Deutsch. Mihaela sammelte ihre ersten beruflichen \u00dcbersetzungserfahrungen in einem slowenischen \u00dcbersetzungsb\u00fcro und sp\u00e4ter in Kroatien. Danach er\u00f6ffnete sie zun\u00e4chst ein Gewerbe und schlie\u00dflich Verbalis d.o.o. in Rijeka.<\/p><p>Genau wie sie im Privatleben sehr ordentlich und gewissenhaft ist, so muss auch im Gesch\u00e4ftsleben alles tipptopp und an seinem Platz sein, besonders was \u00dcbersetzungen angeht. Dolmetschen, schriftliche \u00dcbersetzungen, Kontaktaufnahme mit Gesch\u00e4ftspartnern, Gesch\u00e4ftsreisen, Betreuung von Projekten sowie deren erfolgreiche Umsetzung in Slowenisch und Deutsch sind nur einige von Mihaelas Aufgaben in Verbalis.<\/p><p>Da es sich um einen Job handelt, der ein detailliertes Verst\u00e4ndnis, Kenntnisse der Terminologie und das Sprachgef\u00fchl bei verschiedenen T\u00e4tigkeiten sowie eine hohe Konzentration beim \u00dcbersetzen erfordert, bietet und erwartet Mihaela ein hohes Ma\u00df an Professionalit\u00e4t in der Herangehensweise an Aufgaben und Projekte. Dabei kommt auch eine lockere und lustige Arbeitsatmosph\u00e4re nicht zu kurz. Mihaela ist bestrebt, freundschaftliche Beziehungen zu Kollegen und Partnern zu pflegen. Teambesprechungen beginnen unweigerlich mit einer Tasse Kaffee und Keksen.<\/p><p>Mihaela U\u017ear ist auch externe Mitarbeiterin der Anwaltskanzlei Primorac und arbeitet au\u00dferdem mit zahlreichen Notaren und Rechtsanw\u00e4lten in der Gespanschaft Primorje-Gorski Kotar zusammen. Dar\u00fcber hinaus betreut sie mit gro\u00dfer Freude Studenten, die an der Philosophischen Fakult\u00e4t in Rijeka \u00dcbersetzungswissenschaft studieren und im Rahmen ihrer Praktika bereits im dritten Jahr in Folge praktische Erfahrungen in Verbalis sammeln. Sie verbringt ihre Freizeit entweder mit ihrer Familie oder engagiert sich ehrenamtlich. Zus\u00e4tzlich zu ihrem Engagement bildet sie sich regelm\u00e4\u00dfig in Workshops und Seminaren f\u00fcr selbst\u00e4ndige Erwerbst\u00e4tige, \u00dcbersetzer und Gerichtsdolmetscher weiter.<\/p><p>Fremdsprachen: Slowenisch, Deutsch, Englisch<\/p><p>Bevorzugte Arbeitsbereiche: Medizin, Immobilien, Tourismus, Marketing, Technik, Rechtswissenschaft, Wirtschaftskommunikation<\/p>\t\t\t\t\t\t<\/div>\n\t\t\t\t<\/div>\n\t\t\t\t\t<\/div>\n\t\t<\/div>\n\t\t\t\t\t<\/div>\n\t\t<\/section>\n\t\t\t\t\t<\/div>\n\t\t<\/div>\n\t\t\t\t\t<\/div>\n\t\t<\/section>\n\t\t\t\t<\/div>\n\t\t","protected":false},"excerpt":{"rendered":"<p>VEREIDIGTE GERICHTSDOLMETSCHERIN UND \u00dcBERSETZERIN Mihaela U\u017ear, prof. Mihaela U\u017ear ist unsere vereidigte Gerichtsdolmetscherin und \u00dcbersetzerin f\u00fcr Kroatisch, Deutsch und Slowenisch. Nach dem Studienabschluss an der Philosophischen Fakult\u00e4t in Ljubljana erwarb sie am Gespanschaftsgericht in Rijeka den Titel der vereidigten Gerichtsdolmetscherin f\u00fcr Slowenisch und Deutsch. Mihaela sammelte ihre ersten beruflichen \u00dcbersetzungserfahrungen in einem slowenischen \u00dcbersetzungsb\u00fcro und [&hellip;]<\/p>\n","protected":false},"author":3,"featured_media":0,"parent":2547,"menu_order":0,"comment_status":"closed","ping_status":"closed","template":"templates\/page-builder-content.php","meta":{"footnotes":""},"class_list":["post-2561","page","type-page","status-publish","hentry"],"yoast_head":"<!-- This site is optimized with the Yoast SEO plugin v27.6 - https:\/\/yoast.com\/product\/yoast-seo-wordpress\/ -->\n<title>Mihaela U\u017ear, prof. - Verbalis \u00dcbersetzungen<\/title>\n<meta name=\"description\" content=\"Mihaela U\u017ear ist unsere st\u00e4ndige Gerichtsdolmetscherin und \u00dcbersetzerin f\u00fcr Kroatisch, Deutsch und Slowenisch.\" \/>\n<meta name=\"robots\" content=\"index, follow, max-snippet:-1, max-image-preview:large, max-video-preview:-1\" \/>\n<link rel=\"canonical\" href=\"https:\/\/verbalis-prijevodi.com\/o-nama-verbalis\/mihaela-uzar-prof\/\" \/>\n<meta property=\"og:locale\" content=\"de_DE\" \/>\n<meta property=\"og:type\" content=\"article\" \/>\n<meta property=\"og:title\" content=\"Mihaela U\u017ear, prof. - Verbalis \u00dcbersetzungen\" \/>\n<meta property=\"og:description\" content=\"Mihaela U\u017ear ist unsere st\u00e4ndige Gerichtsdolmetscherin und \u00dcbersetzerin f\u00fcr Kroatisch, Deutsch und Slowenisch.\" \/>\n<meta property=\"og:url\" content=\"https:\/\/verbalis-prijevodi.com\/o-nama-verbalis\/mihaela-uzar-prof\/\" \/>\n<meta property=\"og:site_name\" content=\"Verbalis Prijevodi\" \/>\n<meta property=\"article:publisher\" content=\"https:\/\/www.facebook.com\/prijevodiVerbalis\/\" \/>\n<meta property=\"article:modified_time\" content=\"2023-03-06T15:23:10+00:00\" \/>\n<meta property=\"og:image\" content=\"http:\/\/verbalis-prijevodi.com\/wp-content\/uploads\/2023\/01\/Group_7543-alt5.svg\" \/>\n<meta name=\"twitter:card\" content=\"summary_large_image\" \/>\n<meta name=\"twitter:label1\" content=\"Gesch\u00e4tzte Lesezeit\" \/>\n\t<meta name=\"twitter:data1\" content=\"3\u00a0Minuten\" \/>\n<script type=\"application\/ld+json\" class=\"yoast-schema-graph\">{\"@context\":\"https:\\\/\\\/schema.org\",\"@graph\":[{\"@type\":\"WebPage\",\"@id\":\"https:\\\/\\\/verbalis-prijevodi.com\\\/o-nama-verbalis\\\/mihaela-uzar-prof\\\/\",\"url\":\"https:\\\/\\\/verbalis-prijevodi.com\\\/o-nama-verbalis\\\/mihaela-uzar-prof\\\/\",\"name\":\"Mihaela U\u017ear, prof. - Verbalis \u00dcbersetzungen\",\"isPartOf\":{\"@id\":\"https:\\\/\\\/verbalis-prijevodi.com\\\/#website\"},\"primaryImageOfPage\":{\"@id\":\"https:\\\/\\\/verbalis-prijevodi.com\\\/o-nama-verbalis\\\/mihaela-uzar-prof\\\/#primaryimage\"},\"image\":{\"@id\":\"https:\\\/\\\/verbalis-prijevodi.com\\\/o-nama-verbalis\\\/mihaela-uzar-prof\\\/#primaryimage\"},\"thumbnailUrl\":\"http:\\\/\\\/verbalis.hr\\\/wp-content\\\/uploads\\\/2023\\\/01\\\/Group_7543-alt5.svg\",\"datePublished\":\"2023-01-16T17:24:01+00:00\",\"dateModified\":\"2023-03-06T15:23:10+00:00\",\"description\":\"Mihaela U\u017ear ist unsere st\u00e4ndige Gerichtsdolmetscherin und \u00dcbersetzerin f\u00fcr Kroatisch, Deutsch und Slowenisch.\",\"breadcrumb\":{\"@id\":\"https:\\\/\\\/verbalis-prijevodi.com\\\/o-nama-verbalis\\\/mihaela-uzar-prof\\\/#breadcrumb\"},\"inLanguage\":\"de\",\"potentialAction\":[{\"@type\":\"ReadAction\",\"target\":[\"https:\\\/\\\/verbalis-prijevodi.com\\\/o-nama-verbalis\\\/mihaela-uzar-prof\\\/\"]}]},{\"@type\":\"ImageObject\",\"inLanguage\":\"de\",\"@id\":\"https:\\\/\\\/verbalis-prijevodi.com\\\/o-nama-verbalis\\\/mihaela-uzar-prof\\\/#primaryimage\",\"url\":\"http:\\\/\\\/verbalis.hr\\\/wp-content\\\/uploads\\\/2023\\\/01\\\/Group_7543-alt5.svg\",\"contentUrl\":\"http:\\\/\\\/verbalis.hr\\\/wp-content\\\/uploads\\\/2023\\\/01\\\/Group_7543-alt5.svg\"},{\"@type\":\"BreadcrumbList\",\"@id\":\"https:\\\/\\\/verbalis-prijevodi.com\\\/o-nama-verbalis\\\/mihaela-uzar-prof\\\/#breadcrumb\",\"itemListElement\":[{\"@type\":\"ListItem\",\"position\":1,\"name\":\"Po\u010detna stranica\",\"item\":\"https:\\\/\\\/verbalis-prijevodi.com\\\/de\\\/\"},{\"@type\":\"ListItem\",\"position\":2,\"name\":\"\u00dcber uns\",\"item\":\"https:\\\/\\\/verbalis-prijevodi.com\\\/o-nama-verbalis\\\/\"},{\"@type\":\"ListItem\",\"position\":3,\"name\":\"Mihaela U\u017ear, prof.\"}]},{\"@type\":\"WebSite\",\"@id\":\"https:\\\/\\\/verbalis-prijevodi.com\\\/#website\",\"url\":\"https:\\\/\\\/verbalis-prijevodi.com\\\/\",\"name\":\"Verbalis Prijevodi\",\"description\":\"Prijevodi najvi\u0161e kvalitete\",\"publisher\":{\"@id\":\"https:\\\/\\\/verbalis-prijevodi.com\\\/#organization\"},\"potentialAction\":[{\"@type\":\"SearchAction\",\"target\":{\"@type\":\"EntryPoint\",\"urlTemplate\":\"https:\\\/\\\/verbalis-prijevodi.com\\\/?s={search_term_string}\"},\"query-input\":{\"@type\":\"PropertyValueSpecification\",\"valueRequired\":true,\"valueName\":\"search_term_string\"}}],\"inLanguage\":\"de\"},{\"@type\":\"Organization\",\"@id\":\"https:\\\/\\\/verbalis-prijevodi.com\\\/#organization\",\"name\":\"Verbalis Prijevodi\",\"url\":\"https:\\\/\\\/verbalis-prijevodi.com\\\/\",\"logo\":{\"@type\":\"ImageObject\",\"inLanguage\":\"de\",\"@id\":\"https:\\\/\\\/verbalis-prijevodi.com\\\/#\\\/schema\\\/logo\\\/image\\\/\",\"url\":\"https:\\\/\\\/verbalis.hr\\\/wp-content\\\/uploads\\\/2019\\\/06\\\/logo-w.png\",\"contentUrl\":\"https:\\\/\\\/verbalis.hr\\\/wp-content\\\/uploads\\\/2019\\\/06\\\/logo-w.png\",\"width\":400,\"height\":107,\"caption\":\"Verbalis Prijevodi\"},\"image\":{\"@id\":\"https:\\\/\\\/verbalis-prijevodi.com\\\/#\\\/schema\\\/logo\\\/image\\\/\"},\"sameAs\":[\"https:\\\/\\\/www.facebook.com\\\/prijevodiVerbalis\\\/\"]}]}<\/script>\n<!-- \/ Yoast SEO plugin. -->","yoast_head_json":{"title":"Mihaela U\u017ear, prof. - Verbalis \u00dcbersetzungen","description":"Mihaela U\u017ear ist unsere st\u00e4ndige Gerichtsdolmetscherin und \u00dcbersetzerin f\u00fcr Kroatisch, Deutsch und Slowenisch.","robots":{"index":"index","follow":"follow","max-snippet":"max-snippet:-1","max-image-preview":"max-image-preview:large","max-video-preview":"max-video-preview:-1"},"canonical":"https:\/\/verbalis-prijevodi.com\/o-nama-verbalis\/mihaela-uzar-prof\/","og_locale":"de_DE","og_type":"article","og_title":"Mihaela U\u017ear, prof. - Verbalis \u00dcbersetzungen","og_description":"Mihaela U\u017ear ist unsere st\u00e4ndige Gerichtsdolmetscherin und \u00dcbersetzerin f\u00fcr Kroatisch, Deutsch und Slowenisch.","og_url":"https:\/\/verbalis-prijevodi.com\/o-nama-verbalis\/mihaela-uzar-prof\/","og_site_name":"Verbalis Prijevodi","article_publisher":"https:\/\/www.facebook.com\/prijevodiVerbalis\/","article_modified_time":"2023-03-06T15:23:10+00:00","og_image":[{"url":"http:\/\/verbalis-prijevodi.com\/wp-content\/uploads\/2023\/01\/Group_7543-alt5.svg","type":"","width":"","height":""}],"twitter_card":"summary_large_image","twitter_misc":{"Gesch\u00e4tzte Lesezeit":"3\u00a0Minuten"},"schema":{"@context":"https:\/\/schema.org","@graph":[{"@type":"WebPage","@id":"https:\/\/verbalis-prijevodi.com\/o-nama-verbalis\/mihaela-uzar-prof\/","url":"https:\/\/verbalis-prijevodi.com\/o-nama-verbalis\/mihaela-uzar-prof\/","name":"Mihaela U\u017ear, prof. - Verbalis \u00dcbersetzungen","isPartOf":{"@id":"https:\/\/verbalis-prijevodi.com\/#website"},"primaryImageOfPage":{"@id":"https:\/\/verbalis-prijevodi.com\/o-nama-verbalis\/mihaela-uzar-prof\/#primaryimage"},"image":{"@id":"https:\/\/verbalis-prijevodi.com\/o-nama-verbalis\/mihaela-uzar-prof\/#primaryimage"},"thumbnailUrl":"http:\/\/verbalis.hr\/wp-content\/uploads\/2023\/01\/Group_7543-alt5.svg","datePublished":"2023-01-16T17:24:01+00:00","dateModified":"2023-03-06T15:23:10+00:00","description":"Mihaela U\u017ear ist unsere st\u00e4ndige Gerichtsdolmetscherin und \u00dcbersetzerin f\u00fcr Kroatisch, Deutsch und Slowenisch.","breadcrumb":{"@id":"https:\/\/verbalis-prijevodi.com\/o-nama-verbalis\/mihaela-uzar-prof\/#breadcrumb"},"inLanguage":"de","potentialAction":[{"@type":"ReadAction","target":["https:\/\/verbalis-prijevodi.com\/o-nama-verbalis\/mihaela-uzar-prof\/"]}]},{"@type":"ImageObject","inLanguage":"de","@id":"https:\/\/verbalis-prijevodi.com\/o-nama-verbalis\/mihaela-uzar-prof\/#primaryimage","url":"http:\/\/verbalis.hr\/wp-content\/uploads\/2023\/01\/Group_7543-alt5.svg","contentUrl":"http:\/\/verbalis.hr\/wp-content\/uploads\/2023\/01\/Group_7543-alt5.svg"},{"@type":"BreadcrumbList","@id":"https:\/\/verbalis-prijevodi.com\/o-nama-verbalis\/mihaela-uzar-prof\/#breadcrumb","itemListElement":[{"@type":"ListItem","position":1,"name":"Po\u010detna stranica","item":"https:\/\/verbalis-prijevodi.com\/de\/"},{"@type":"ListItem","position":2,"name":"\u00dcber uns","item":"https:\/\/verbalis-prijevodi.com\/o-nama-verbalis\/"},{"@type":"ListItem","position":3,"name":"Mihaela U\u017ear, prof."}]},{"@type":"WebSite","@id":"https:\/\/verbalis-prijevodi.com\/#website","url":"https:\/\/verbalis-prijevodi.com\/","name":"Verbalis Prijevodi","description":"Prijevodi najvi\u0161e kvalitete","publisher":{"@id":"https:\/\/verbalis-prijevodi.com\/#organization"},"potentialAction":[{"@type":"SearchAction","target":{"@type":"EntryPoint","urlTemplate":"https:\/\/verbalis-prijevodi.com\/?s={search_term_string}"},"query-input":{"@type":"PropertyValueSpecification","valueRequired":true,"valueName":"search_term_string"}}],"inLanguage":"de"},{"@type":"Organization","@id":"https:\/\/verbalis-prijevodi.com\/#organization","name":"Verbalis Prijevodi","url":"https:\/\/verbalis-prijevodi.com\/","logo":{"@type":"ImageObject","inLanguage":"de","@id":"https:\/\/verbalis-prijevodi.com\/#\/schema\/logo\/image\/","url":"https:\/\/verbalis.hr\/wp-content\/uploads\/2019\/06\/logo-w.png","contentUrl":"https:\/\/verbalis.hr\/wp-content\/uploads\/2019\/06\/logo-w.png","width":400,"height":107,"caption":"Verbalis Prijevodi"},"image":{"@id":"https:\/\/verbalis-prijevodi.com\/#\/schema\/logo\/image\/"},"sameAs":["https:\/\/www.facebook.com\/prijevodiVerbalis\/"]}]}},"_links":{"self":[{"href":"https:\/\/verbalis.hr\/de\/wp-json\/wp\/v2\/pages\/2561","targetHints":{"allow":["GET"]}}],"collection":[{"href":"https:\/\/verbalis.hr\/de\/wp-json\/wp\/v2\/pages"}],"about":[{"href":"https:\/\/verbalis.hr\/de\/wp-json\/wp\/v2\/types\/page"}],"author":[{"embeddable":true,"href":"https:\/\/verbalis.hr\/de\/wp-json\/wp\/v2\/users\/3"}],"replies":[{"embeddable":true,"href":"https:\/\/verbalis.hr\/de\/wp-json\/wp\/v2\/comments?post=2561"}],"version-history":[{"count":19,"href":"https:\/\/verbalis.hr\/de\/wp-json\/wp\/v2\/pages\/2561\/revisions"}],"predecessor-version":[{"id":3424,"href":"https:\/\/verbalis.hr\/de\/wp-json\/wp\/v2\/pages\/2561\/revisions\/3424"}],"up":[{"embeddable":true,"href":"https:\/\/verbalis.hr\/de\/wp-json\/wp\/v2\/pages\/2547"}],"wp:attachment":[{"href":"https:\/\/verbalis.hr\/de\/wp-json\/wp\/v2\/media?parent=2561"}],"curies":[{"name":"wp","href":"https:\/\/api.w.org\/{rel}","templated":true}]}}