{"id":2558,"date":"2023-01-16T17:44:41","date_gmt":"2023-01-16T17:44:41","guid":{"rendered":"http:\/\/verbalis.hr\/o-nama\/sinisa-uzar\/"},"modified":"2023-03-06T15:58:13","modified_gmt":"2023-03-06T15:58:13","slug":"sinisa-uzar","status":"publish","type":"page","link":"https:\/\/verbalis.hr\/de\/ueber-uns-verbalis\/sinisa-uzar\/","title":{"rendered":"Sini\u0161a U\u017ear"},"content":{"rendered":"\t\t<div data-elementor-type=\"wp-page\" data-elementor-id=\"2558\" class=\"elementor elementor-2558 elementor-377\">\n\t\t\t\t\t\t<section class=\"elementor-section elementor-top-section elementor-element elementor-element-a00bda4 elementor-section-boxed elementor-section-height-default elementor-section-height-default\" data-id=\"a00bda4\" data-element_type=\"section\">\n\t\t\t\t\t\t<div class=\"elementor-container elementor-column-gap-default\">\n\t\t\t\t\t<div class=\"aux-parallax-section elementor-column elementor-col-100 elementor-top-column elementor-element elementor-element-c35c826\" data-id=\"c35c826\" data-element_type=\"column\">\n\t\t\t<div class=\"elementor-widget-wrap elementor-element-populated\">\n\t\t\t\t\t\t<div class=\"elementor-element elementor-element-0ee300a elementor-widget elementor-widget-aux_image\" data-id=\"0ee300a\" data-element_type=\"widget\" data-widget_type=\"aux_image.default\">\n\t\t\t\t<div class=\"elementor-widget-container\">\n\t\t\t<section class=\"widget-container aux-widget-image aux-alignnone aux-parent-au7fc6fc19\">\n    <div class=\"aux-media-hint-frame \">\n        <div class=\"aux-media-image \" >\n        \n            \n\n            \n            <img decoding=\"async\" src=\"https:\/\/verbalis.hr\/wp-content\/uploads\/2023\/01\/Group_7543-alt5.svg\" alt=\"\" \/>            \n                <\/div>\n    <\/div>\n\n<\/section><!-- widget-container -->\t\t<\/div>\n\t\t\t\t<\/div>\n\t\t\t\t<section class=\"elementor-section elementor-inner-section elementor-element elementor-element-7fc97fd elementor-section-boxed elementor-section-height-default elementor-section-height-default\" data-id=\"7fc97fd\" data-element_type=\"section\">\n\t\t\t\t\t\t<div class=\"elementor-container elementor-column-gap-default\">\n\t\t\t\t\t<div class=\"aux-parallax-section elementor-column elementor-col-50 elementor-inner-column elementor-element elementor-element-abff0fb\" data-id=\"abff0fb\" data-element_type=\"column\">\n\t\t\t<div class=\"elementor-widget-wrap elementor-element-populated\">\n\t\t\t\t\t\t<div class=\"elementor-element elementor-element-4d45c61 elementor-widget elementor-widget-image\" data-id=\"4d45c61\" data-element_type=\"widget\" data-widget_type=\"image.default\">\n\t\t\t\t<div class=\"elementor-widget-container\">\n\t\t\t\t\t\t\t\t\t\t\t\t\t<img fetchpriority=\"high\" decoding=\"async\" width=\"600\" height=\"600\" src=\"https:\/\/verbalis.hr\/wp-content\/uploads\/2023\/01\/Sinisa-Uzar.jpg\" class=\"attachment-full size-full wp-image-393\" alt=\"Sini\u0161a U\u017ear\" srcset=\"https:\/\/verbalis.hr\/wp-content\/uploads\/2023\/01\/Sinisa-Uzar.jpg 600w, https:\/\/verbalis.hr\/wp-content\/uploads\/2023\/01\/Sinisa-Uzar-300x300.jpg 300w, https:\/\/verbalis.hr\/wp-content\/uploads\/2023\/01\/Sinisa-Uzar-150x150.jpg 150w, https:\/\/verbalis.hr\/wp-content\/uploads\/2023\/01\/Sinisa-Uzar-200x200.jpg 200w\" sizes=\"(max-width: 600px) 100vw, 600px\" \/>\t\t\t\t\t\t\t\t\t\t\t\t\t<\/div>\n\t\t\t\t<\/div>\n\t\t\t\t\t<\/div>\n\t\t<\/div>\n\t\t\t\t<div class=\"aux-parallax-section elementor-column elementor-col-50 elementor-inner-column elementor-element elementor-element-952f231\" data-id=\"952f231\" data-element_type=\"column\">\n\t\t\t<div class=\"elementor-widget-wrap elementor-element-populated\">\n\t\t\t\t\t\t<div class=\"elementor-element elementor-element-406a1a1 aux-appear-watch-animation aux-fade-in-right elementor-widget elementor-widget-aux_modern_heading\" data-id=\"406a1a1\" data-element_type=\"widget\" data-widget_type=\"aux_modern_heading.default\">\n\t\t\t\t<div class=\"elementor-widget-container\">\n\t\t\t<section class=\"aux-widget-modern-heading\">\n            <div class=\"aux-widget-inner\"><p class=\"aux-modern-heading-primary\">VERBALIS PROJEKTMANAGER<\/p><div class=\"aux-modern-heading-divider\"><\/div><h1 class=\"aux-modern-heading-secondary\"><span class=\"aux-head-before\">Sini\u0161a U\u017ear<\/span><\/h1><\/div>\n        <\/section>\t\t<\/div>\n\t\t\t\t<\/div>\n\t\t\t\t<div class=\"elementor-element elementor-element-1e55d63 elementor-widget elementor-widget-text-editor\" data-id=\"1e55d63\" data-element_type=\"widget\" data-widget_type=\"text-editor.default\">\n\t\t\t\t<div class=\"elementor-widget-container\">\n\t\t\t\t\t\t\t<p>Obwohl Sini\u0161a U\u017ear kein \u00dcbersetzer ist, ist er ein unersetzliches und vollwertiges Mitglied unseres Teams. Es ist gerade seine Funktion, die allen Teammitgliedern hilft, ihre t\u00e4glichen Aufgaben und Aktivit\u00e4ten in Bezug auf aktuelle \u00dcbersetzungsauftr\u00e4ge qualitativ besser, entspannter und zweifellos auszuf\u00fchren.<\/p><p>Abgesehen von seinem Humor und seiner guten Laune, die unseren Alltag versch\u00f6nern, ist Sini\u0161a auch unser Hauptverantwortlicher f\u00fcr alle notwendigen Aufgaben in unserem Tagesgesch\u00e4ft. Sini\u0161a k\u00fcmmert sich auch um die Evidenz und die Aktivit\u00e4ten der \u00dcbersetzer, kontaktiert Partner und Kunden, k\u00fcmmert sich um die Buchhaltung und administrative Angelegenheiten, die f\u00fcr den erfolgreichen Betrieb der <a href=\"https:\/\/verbalis.hr\/de\/ueber-uns\/\">Firma<\/a> und des gesamten Teams notwendig sind.<\/p>\t\t\t\t\t\t<\/div>\n\t\t\t\t<\/div>\n\t\t\t\t\t<\/div>\n\t\t<\/div>\n\t\t\t\t\t<\/div>\n\t\t<\/section>\n\t\t\t\t\t<\/div>\n\t\t<\/div>\n\t\t\t\t\t<\/div>\n\t\t<\/section>\n\t\t\t\t<\/div>\n\t\t","protected":false},"excerpt":{"rendered":"<p>VERBALIS PROJEKTMANAGER Sini\u0161a U\u017ear Obwohl Sini\u0161a U\u017ear kein \u00dcbersetzer ist, ist er ein unersetzliches und vollwertiges Mitglied unseres Teams. Es ist gerade seine Funktion, die allen Teammitgliedern hilft, ihre t\u00e4glichen Aufgaben und Aktivit\u00e4ten in Bezug auf aktuelle \u00dcbersetzungsauftr\u00e4ge qualitativ besser, entspannter und zweifellos auszuf\u00fchren. Abgesehen von seinem Humor und seiner guten Laune, die unseren Alltag [&hellip;]<\/p>\n","protected":false},"author":3,"featured_media":0,"parent":2547,"menu_order":0,"comment_status":"closed","ping_status":"closed","template":"templates\/page-builder-content.php","meta":{"footnotes":""},"class_list":["post-2558","page","type-page","status-publish","hentry"],"yoast_head":"<!-- This site is optimized with the Yoast SEO plugin v27.6 - https:\/\/yoast.com\/product\/yoast-seo-wordpress\/ -->\n<title>Sini\u0161a U\u017ear - Verbalis \u00dcbersetzungen<\/title>\n<meta name=\"description\" content=\"Sini\u0161a U\u017ear ist unser Projektleiter. Obwohl er kein \u00dcbersetzer ist, ist er unverzichtbar und ein vollwertiges Mitglied des Verbalis-Teams.\" \/>\n<meta name=\"robots\" content=\"index, follow, max-snippet:-1, max-image-preview:large, max-video-preview:-1\" \/>\n<link rel=\"canonical\" href=\"https:\/\/verbalis-prijevodi.com\/o-nama-verbalis\/sinisa-uzar\/\" \/>\n<meta property=\"og:locale\" content=\"de_DE\" \/>\n<meta property=\"og:type\" content=\"article\" \/>\n<meta property=\"og:title\" content=\"Sini\u0161a U\u017ear - Verbalis \u00dcbersetzungen\" \/>\n<meta property=\"og:description\" content=\"Sini\u0161a U\u017ear ist unser Projektleiter. Obwohl er kein \u00dcbersetzer ist, ist er unverzichtbar und ein vollwertiges Mitglied des Verbalis-Teams.\" \/>\n<meta property=\"og:url\" content=\"https:\/\/verbalis-prijevodi.com\/o-nama-verbalis\/sinisa-uzar\/\" \/>\n<meta property=\"og:site_name\" content=\"Verbalis Prijevodi\" \/>\n<meta property=\"article:publisher\" content=\"https:\/\/www.facebook.com\/prijevodiVerbalis\/\" \/>\n<meta property=\"article:modified_time\" content=\"2023-03-06T15:58:13+00:00\" \/>\n<meta property=\"og:image\" content=\"http:\/\/verbalis-prijevodi.com\/wp-content\/uploads\/2023\/01\/Group_7543-alt5.svg\" \/>\n<meta name=\"twitter:card\" content=\"summary_large_image\" \/>\n<meta name=\"twitter:label1\" content=\"Gesch\u00e4tzte Lesezeit\" \/>\n\t<meta name=\"twitter:data1\" content=\"1\u00a0Minute\" \/>\n<script type=\"application\/ld+json\" class=\"yoast-schema-graph\">{\"@context\":\"https:\\\/\\\/schema.org\",\"@graph\":[{\"@type\":\"WebPage\",\"@id\":\"https:\\\/\\\/verbalis-prijevodi.com\\\/o-nama-verbalis\\\/sinisa-uzar\\\/\",\"url\":\"https:\\\/\\\/verbalis-prijevodi.com\\\/o-nama-verbalis\\\/sinisa-uzar\\\/\",\"name\":\"Sini\u0161a U\u017ear - Verbalis \u00dcbersetzungen\",\"isPartOf\":{\"@id\":\"https:\\\/\\\/verbalis-prijevodi.com\\\/#website\"},\"primaryImageOfPage\":{\"@id\":\"https:\\\/\\\/verbalis-prijevodi.com\\\/o-nama-verbalis\\\/sinisa-uzar\\\/#primaryimage\"},\"image\":{\"@id\":\"https:\\\/\\\/verbalis-prijevodi.com\\\/o-nama-verbalis\\\/sinisa-uzar\\\/#primaryimage\"},\"thumbnailUrl\":\"http:\\\/\\\/verbalis.hr\\\/wp-content\\\/uploads\\\/2023\\\/01\\\/Group_7543-alt5.svg\",\"datePublished\":\"2023-01-16T17:44:41+00:00\",\"dateModified\":\"2023-03-06T15:58:13+00:00\",\"description\":\"Sini\u0161a U\u017ear ist unser Projektleiter. Obwohl er kein \u00dcbersetzer ist, ist er unverzichtbar und ein vollwertiges Mitglied des Verbalis-Teams.\",\"breadcrumb\":{\"@id\":\"https:\\\/\\\/verbalis-prijevodi.com\\\/o-nama-verbalis\\\/sinisa-uzar\\\/#breadcrumb\"},\"inLanguage\":\"de\",\"potentialAction\":[{\"@type\":\"ReadAction\",\"target\":[\"https:\\\/\\\/verbalis-prijevodi.com\\\/o-nama-verbalis\\\/sinisa-uzar\\\/\"]}]},{\"@type\":\"ImageObject\",\"inLanguage\":\"de\",\"@id\":\"https:\\\/\\\/verbalis-prijevodi.com\\\/o-nama-verbalis\\\/sinisa-uzar\\\/#primaryimage\",\"url\":\"http:\\\/\\\/verbalis.hr\\\/wp-content\\\/uploads\\\/2023\\\/01\\\/Group_7543-alt5.svg\",\"contentUrl\":\"http:\\\/\\\/verbalis.hr\\\/wp-content\\\/uploads\\\/2023\\\/01\\\/Group_7543-alt5.svg\"},{\"@type\":\"BreadcrumbList\",\"@id\":\"https:\\\/\\\/verbalis-prijevodi.com\\\/o-nama-verbalis\\\/sinisa-uzar\\\/#breadcrumb\",\"itemListElement\":[{\"@type\":\"ListItem\",\"position\":1,\"name\":\"Po\u010detna stranica\",\"item\":\"https:\\\/\\\/verbalis-prijevodi.com\\\/de\\\/\"},{\"@type\":\"ListItem\",\"position\":2,\"name\":\"\u00dcber uns\",\"item\":\"https:\\\/\\\/verbalis-prijevodi.com\\\/o-nama-verbalis\\\/\"},{\"@type\":\"ListItem\",\"position\":3,\"name\":\"Sini\u0161a U\u017ear\"}]},{\"@type\":\"WebSite\",\"@id\":\"https:\\\/\\\/verbalis-prijevodi.com\\\/#website\",\"url\":\"https:\\\/\\\/verbalis-prijevodi.com\\\/\",\"name\":\"Verbalis Prijevodi\",\"description\":\"Prijevodi najvi\u0161e kvalitete\",\"publisher\":{\"@id\":\"https:\\\/\\\/verbalis-prijevodi.com\\\/#organization\"},\"potentialAction\":[{\"@type\":\"SearchAction\",\"target\":{\"@type\":\"EntryPoint\",\"urlTemplate\":\"https:\\\/\\\/verbalis-prijevodi.com\\\/?s={search_term_string}\"},\"query-input\":{\"@type\":\"PropertyValueSpecification\",\"valueRequired\":true,\"valueName\":\"search_term_string\"}}],\"inLanguage\":\"de\"},{\"@type\":\"Organization\",\"@id\":\"https:\\\/\\\/verbalis-prijevodi.com\\\/#organization\",\"name\":\"Verbalis Prijevodi\",\"url\":\"https:\\\/\\\/verbalis-prijevodi.com\\\/\",\"logo\":{\"@type\":\"ImageObject\",\"inLanguage\":\"de\",\"@id\":\"https:\\\/\\\/verbalis-prijevodi.com\\\/#\\\/schema\\\/logo\\\/image\\\/\",\"url\":\"https:\\\/\\\/verbalis.hr\\\/wp-content\\\/uploads\\\/2019\\\/06\\\/logo-w.png\",\"contentUrl\":\"https:\\\/\\\/verbalis.hr\\\/wp-content\\\/uploads\\\/2019\\\/06\\\/logo-w.png\",\"width\":400,\"height\":107,\"caption\":\"Verbalis Prijevodi\"},\"image\":{\"@id\":\"https:\\\/\\\/verbalis-prijevodi.com\\\/#\\\/schema\\\/logo\\\/image\\\/\"},\"sameAs\":[\"https:\\\/\\\/www.facebook.com\\\/prijevodiVerbalis\\\/\"]}]}<\/script>\n<!-- \/ Yoast SEO plugin. -->","yoast_head_json":{"title":"Sini\u0161a U\u017ear - Verbalis \u00dcbersetzungen","description":"Sini\u0161a U\u017ear ist unser Projektleiter. Obwohl er kein \u00dcbersetzer ist, ist er unverzichtbar und ein vollwertiges Mitglied des Verbalis-Teams.","robots":{"index":"index","follow":"follow","max-snippet":"max-snippet:-1","max-image-preview":"max-image-preview:large","max-video-preview":"max-video-preview:-1"},"canonical":"https:\/\/verbalis-prijevodi.com\/o-nama-verbalis\/sinisa-uzar\/","og_locale":"de_DE","og_type":"article","og_title":"Sini\u0161a U\u017ear - Verbalis \u00dcbersetzungen","og_description":"Sini\u0161a U\u017ear ist unser Projektleiter. Obwohl er kein \u00dcbersetzer ist, ist er unverzichtbar und ein vollwertiges Mitglied des Verbalis-Teams.","og_url":"https:\/\/verbalis-prijevodi.com\/o-nama-verbalis\/sinisa-uzar\/","og_site_name":"Verbalis Prijevodi","article_publisher":"https:\/\/www.facebook.com\/prijevodiVerbalis\/","article_modified_time":"2023-03-06T15:58:13+00:00","og_image":[{"url":"http:\/\/verbalis-prijevodi.com\/wp-content\/uploads\/2023\/01\/Group_7543-alt5.svg","type":"","width":"","height":""}],"twitter_card":"summary_large_image","twitter_misc":{"Gesch\u00e4tzte Lesezeit":"1\u00a0Minute"},"schema":{"@context":"https:\/\/schema.org","@graph":[{"@type":"WebPage","@id":"https:\/\/verbalis-prijevodi.com\/o-nama-verbalis\/sinisa-uzar\/","url":"https:\/\/verbalis-prijevodi.com\/o-nama-verbalis\/sinisa-uzar\/","name":"Sini\u0161a U\u017ear - Verbalis \u00dcbersetzungen","isPartOf":{"@id":"https:\/\/verbalis-prijevodi.com\/#website"},"primaryImageOfPage":{"@id":"https:\/\/verbalis-prijevodi.com\/o-nama-verbalis\/sinisa-uzar\/#primaryimage"},"image":{"@id":"https:\/\/verbalis-prijevodi.com\/o-nama-verbalis\/sinisa-uzar\/#primaryimage"},"thumbnailUrl":"http:\/\/verbalis.hr\/wp-content\/uploads\/2023\/01\/Group_7543-alt5.svg","datePublished":"2023-01-16T17:44:41+00:00","dateModified":"2023-03-06T15:58:13+00:00","description":"Sini\u0161a U\u017ear ist unser Projektleiter. Obwohl er kein \u00dcbersetzer ist, ist er unverzichtbar und ein vollwertiges Mitglied des Verbalis-Teams.","breadcrumb":{"@id":"https:\/\/verbalis-prijevodi.com\/o-nama-verbalis\/sinisa-uzar\/#breadcrumb"},"inLanguage":"de","potentialAction":[{"@type":"ReadAction","target":["https:\/\/verbalis-prijevodi.com\/o-nama-verbalis\/sinisa-uzar\/"]}]},{"@type":"ImageObject","inLanguage":"de","@id":"https:\/\/verbalis-prijevodi.com\/o-nama-verbalis\/sinisa-uzar\/#primaryimage","url":"http:\/\/verbalis.hr\/wp-content\/uploads\/2023\/01\/Group_7543-alt5.svg","contentUrl":"http:\/\/verbalis.hr\/wp-content\/uploads\/2023\/01\/Group_7543-alt5.svg"},{"@type":"BreadcrumbList","@id":"https:\/\/verbalis-prijevodi.com\/o-nama-verbalis\/sinisa-uzar\/#breadcrumb","itemListElement":[{"@type":"ListItem","position":1,"name":"Po\u010detna stranica","item":"https:\/\/verbalis-prijevodi.com\/de\/"},{"@type":"ListItem","position":2,"name":"\u00dcber uns","item":"https:\/\/verbalis-prijevodi.com\/o-nama-verbalis\/"},{"@type":"ListItem","position":3,"name":"Sini\u0161a U\u017ear"}]},{"@type":"WebSite","@id":"https:\/\/verbalis-prijevodi.com\/#website","url":"https:\/\/verbalis-prijevodi.com\/","name":"Verbalis Prijevodi","description":"Prijevodi najvi\u0161e kvalitete","publisher":{"@id":"https:\/\/verbalis-prijevodi.com\/#organization"},"potentialAction":[{"@type":"SearchAction","target":{"@type":"EntryPoint","urlTemplate":"https:\/\/verbalis-prijevodi.com\/?s={search_term_string}"},"query-input":{"@type":"PropertyValueSpecification","valueRequired":true,"valueName":"search_term_string"}}],"inLanguage":"de"},{"@type":"Organization","@id":"https:\/\/verbalis-prijevodi.com\/#organization","name":"Verbalis Prijevodi","url":"https:\/\/verbalis-prijevodi.com\/","logo":{"@type":"ImageObject","inLanguage":"de","@id":"https:\/\/verbalis-prijevodi.com\/#\/schema\/logo\/image\/","url":"https:\/\/verbalis.hr\/wp-content\/uploads\/2019\/06\/logo-w.png","contentUrl":"https:\/\/verbalis.hr\/wp-content\/uploads\/2019\/06\/logo-w.png","width":400,"height":107,"caption":"Verbalis Prijevodi"},"image":{"@id":"https:\/\/verbalis-prijevodi.com\/#\/schema\/logo\/image\/"},"sameAs":["https:\/\/www.facebook.com\/prijevodiVerbalis\/"]}]}},"_links":{"self":[{"href":"https:\/\/verbalis.hr\/de\/wp-json\/wp\/v2\/pages\/2558","targetHints":{"allow":["GET"]}}],"collection":[{"href":"https:\/\/verbalis.hr\/de\/wp-json\/wp\/v2\/pages"}],"about":[{"href":"https:\/\/verbalis.hr\/de\/wp-json\/wp\/v2\/types\/page"}],"author":[{"embeddable":true,"href":"https:\/\/verbalis.hr\/de\/wp-json\/wp\/v2\/users\/3"}],"replies":[{"embeddable":true,"href":"https:\/\/verbalis.hr\/de\/wp-json\/wp\/v2\/comments?post=2558"}],"version-history":[{"count":24,"href":"https:\/\/verbalis.hr\/de\/wp-json\/wp\/v2\/pages\/2558\/revisions"}],"predecessor-version":[{"id":3505,"href":"https:\/\/verbalis.hr\/de\/wp-json\/wp\/v2\/pages\/2558\/revisions\/3505"}],"up":[{"embeddable":true,"href":"https:\/\/verbalis.hr\/de\/wp-json\/wp\/v2\/pages\/2547"}],"wp:attachment":[{"href":"https:\/\/verbalis.hr\/de\/wp-json\/wp\/v2\/media?parent=2558"}],"curies":[{"name":"wp","href":"https:\/\/api.w.org\/{rel}","templated":true}]}}