{"id":2551,"date":"2023-01-16T18:32:49","date_gmt":"2023-01-16T18:32:49","guid":{"rendered":"http:\/\/verbalis.hr\/pravila-privatnosti-2\/"},"modified":"2023-03-07T13:16:41","modified_gmt":"2023-03-07T13:16:41","slug":"datenschutz-bestimmungen","status":"publish","type":"page","link":"https:\/\/verbalis.hr\/de\/datenschutz-bestimmungen\/","title":{"rendered":"Datenschutz-Bestimmungen"},"content":{"rendered":"\t\t<div data-elementor-type=\"wp-page\" data-elementor-id=\"2551\" class=\"elementor elementor-2551 elementor-443\">\n\t\t\t\t\t\t<section class=\"elementor-section elementor-top-section elementor-element elementor-element-a00bda4 elementor-section-boxed elementor-section-height-default elementor-section-height-default\" data-id=\"a00bda4\" data-element_type=\"section\">\n\t\t\t\t\t\t<div class=\"elementor-container elementor-column-gap-default\">\n\t\t\t\t\t<div class=\"aux-parallax-section elementor-column elementor-col-100 elementor-top-column elementor-element elementor-element-c35c826\" data-id=\"c35c826\" data-element_type=\"column\">\n\t\t\t<div class=\"elementor-widget-wrap elementor-element-populated\">\n\t\t\t\t\t\t<div class=\"elementor-element elementor-element-0ee300a elementor-widget elementor-widget-aux_image\" data-id=\"0ee300a\" data-element_type=\"widget\" data-widget_type=\"aux_image.default\">\n\t\t\t\t<div class=\"elementor-widget-container\">\n\t\t\t<section class=\"widget-container aux-widget-image aux-alignnone aux-parent-au716b7e5d\">\n    <div class=\"aux-media-hint-frame \">\n        <div class=\"aux-media-image \" >\n        \n            \n\n            \n            <img decoding=\"async\" src=\"https:\/\/verbalis.hr\/wp-content\/uploads\/2023\/01\/Group_7543-alt5-3.svg\" alt=\"\" \/>            \n                <\/div>\n    <\/div>\n\n<\/section><!-- widget-container -->\t\t<\/div>\n\t\t\t\t<\/div>\n\t\t\t\t<section class=\"elementor-section elementor-inner-section elementor-element elementor-element-7fc97fd elementor-section-boxed elementor-section-height-default elementor-section-height-default\" data-id=\"7fc97fd\" data-element_type=\"section\">\n\t\t\t\t\t\t<div class=\"elementor-container elementor-column-gap-default\">\n\t\t\t\t\t<div class=\"aux-parallax-section elementor-column elementor-col-100 elementor-inner-column elementor-element elementor-element-952f231\" data-id=\"952f231\" data-element_type=\"column\">\n\t\t\t<div class=\"elementor-widget-wrap elementor-element-populated\">\n\t\t\t\t\t\t<div class=\"elementor-element elementor-element-406a1a1 aux-appear-watch-animation aux-fade-in-right elementor-widget elementor-widget-aux_modern_heading\" data-id=\"406a1a1\" data-element_type=\"widget\" data-widget_type=\"aux_modern_heading.default\">\n\t\t\t\t<div class=\"elementor-widget-container\">\n\t\t\t<section class=\"aux-widget-modern-heading\">\n            <div class=\"aux-widget-inner\"><div class=\"aux-modern-heading-divider\"><\/div><p class=\"aux-modern-heading-primary\">VERBALIS<\/p><h1 class=\"aux-modern-heading-secondary\"><span class=\"aux-head-before\">Datenschutz-Bestimmungen<\/span><\/h1><\/div>\n        <\/section>\t\t<\/div>\n\t\t\t\t<\/div>\n\t\t\t\t<div class=\"elementor-element elementor-element-74e59fa elementor-widget elementor-widget-text-editor\" data-id=\"74e59fa\" data-element_type=\"widget\" data-widget_type=\"text-editor.default\">\n\t\t\t\t<div class=\"elementor-widget-container\">\n\t\t\t\t\t\t\t<p>Einwilligungserkl\u00e4rung zur Verwendung personenbezogener Daten<\/p>\n\t\t\t\t\t\t<\/div>\n\t\t\t\t<\/div>\n\t\t\t\t<div class=\"elementor-element elementor-element-80fab15 elementor-widget elementor-widget-aux_accordion\" data-id=\"80fab15\" data-element_type=\"widget\" data-widget_type=\"aux_accordion.default\">\n\t\t\t\t<div class=\"elementor-widget-container\">\n\t\t\t<section class=\"widget-container aux-widget-accordion widget-toggle aux-parent-aub7129af2\" style=\"\" ><div class=\"widget-inner  aux-type-toggle\" data-toggle=\"true\"><section class=\"aux-toggle-item\"><div id=\"aux-toggle-header-1351\" class=\"aux-toggle-header toggle-header\" tabindex=\"1351\" role=\"tab\" aria-controls=\"aux-toggle-content-1351\" >Verpflichtung zur Vertraulichkeit im Umgang mit personenbezogenen Daten<\/div><div id=\"aux-toggle-content-1351\" class=\"aux-toggle-content toggle-content\" tabindex=\"1351\" role=\"tabpanel\" aria-labelledby=\"aux-toggle-header-1351\" ><p>Verbalis d.o.o. ber\u00fccksichtigt den Schutz der Sicherheit und Vertraulichkeit personenbezogener Daten und betreibt seine Gesch\u00e4ftst\u00e4tigkeit in \u00dcbereinstimmung mit den geltenden Rechtsvorschriften zum Datenschutz und zur Datensicherheit (GDPR).<\/p><p>\u00a0<\/p><p>Nachstehend finden Sie die Arten von Daten, die Verbalis d.o.o. erheben kann, die Art und Weise, wie sie verwendet und verarbeitet werden, wie lange sie gespeichert werden und an wen sie weitergegeben werden k\u00f6nnen.<\/p><\/div><\/section><section class=\"aux-toggle-item\"><div id=\"aux-toggle-header-1352\" class=\"aux-toggle-header toggle-header\" tabindex=\"1352\" role=\"tab\" aria-controls=\"aux-toggle-content-1352\" >Personenbezogene Daten<\/div><div id=\"aux-toggle-content-1352\" class=\"aux-toggle-content toggle-content\" tabindex=\"1352\" role=\"tabpanel\" aria-labelledby=\"aux-toggle-header-1352\" ><p>\u00dcber unsere Website erheben wir keinerlei personenbezogene Daten (z.B. Namen, Anschriften, Telefonnummern oder E-Mail-Adressen), au\u00dfer wenn Sie uns solche Daten freiwillig zur Verf\u00fcgung stellen (z. B. durch Anmeldung, Umfrage oder E-Mail) bzw. eingewilligt haben oder die entsprechenden Gesetze und Rechtsvorschriften \u00fcber den Schutz personenbezogener Daten dies erlauben. Bei Papier- oder elektronischen Dokumenten (z. B. Word- oder PDF-Format) erheben und verarbeiten wir die von Ihnen zur \u00dcbersetzung eingereichten Daten, bzw. die in diesen Dokumenten enthaltenen Daten (z. B. Vor- und Nachname, Geburtsdatum, pers\u00f6nliche Identifikationsnummer (OIB), Gesundheitsdaten, religi\u00f6se oder philosophische Anschauungen, Daten aus Arbeitsvertr\u00e4gen, Heiratsurkunden, pers\u00f6nliche Daten im Zusammenhang mit Verurteilungen und Straftaten, Scheidung, Sorgerecht usw.).<\/p><\/div><\/section><section class=\"aux-toggle-item\"><div id=\"aux-toggle-header-1353\" class=\"aux-toggle-header toggle-header\" tabindex=\"1353\" role=\"tab\" aria-controls=\"aux-toggle-content-1353\" >Zweck und Speicherung<\/div><div id=\"aux-toggle-content-1353\" class=\"aux-toggle-content toggle-content\" tabindex=\"1353\" role=\"tabpanel\" aria-labelledby=\"aux-toggle-header-1353\" ><p>Durch die \u00dcbermittlung Ihrer personenbezogenen Daten, die in den oben genannten Bescheinigungen und Dokumenten enthalten sind, erkl\u00e4ren Sie sich damit einverstanden, dass diese zum Zwecke der Beantwortung Ihrer Anfrage, der Bearbeitung des Auftrags (\u00dcbersetzung), der Zusendung eines individuellen Angebots auf Grund Ihrer Anfrage und der Zusendung Ihrer \u00dcbersetzung an Ihre Anschrift verwendet werden. Au\u00dferdem bewahren wir Ihre \u00dcbersetzungen f\u00fcr einen Zeitraum von 10 Jahren auf, danach werden sie endg\u00fcltig gel\u00f6scht (Recht auf Vergessenwerden). Bei nicht-beglaubigten \u00dcbersetzungen haben Sie das Recht, Ihre Einwilligung zu widerrufen, bzw. die L\u00f6schung Ihrer \u00dcbersetzung jederzeit zu verlangen.<\/p><p>Ihre Daten werden nur dann an zust\u00e4ndige Beh\u00f6rden (z. B. Gerichte, Anwaltskanzleien usw.) weitergegeben, wenn es daf\u00fcr eine gesetzliche Grundlage gibt.<\/p><\/div><\/section><section class=\"aux-toggle-item\"><div id=\"aux-toggle-header-1354\" class=\"aux-toggle-header toggle-header\" tabindex=\"1354\" role=\"tab\" aria-controls=\"aux-toggle-content-1354\" >Zweckbindung <\/div><div id=\"aux-toggle-content-1354\" class=\"aux-toggle-content toggle-content\" tabindex=\"1354\" role=\"tabpanel\" aria-labelledby=\"aux-toggle-header-1354\" ><p>Verbalis d.o.o. wird Ihre personenbezogenen Daten nur f\u00fcr die Zwecke erheben, verwenden oder weitergeben, \u00fcber die Sie informiert wurden, es sei denn, die Weitergabe:<ul><li>bezieht sich auf die Verwendung personenbezogener Daten f\u00fcr andere Zwecke, die in direktem Zusammenhang mit dem urspr\u00fcnglichen Zweck stehen, f\u00fcr den sie erhoben wurden,<\/li><li>ist f\u00fcr die Vorbereitung, Verhandlung und Durchf\u00fchrung der Vereinbarung erforderlich,<\/li><li>ist gesetzlich vorgeschrieben oder wird von den zust\u00e4ndigen Regierungs- oder Justizbeh\u00f6rden verlangt,<\/li><li>ist f\u00fcr die Durchf\u00fchrung von Gerichts- oder anderen Verfahren erforderlich,<\/li><li>ist zur Verhinderung von Betrug oder sonstigen rechtswidrigen Handlungen erforderlich.<\/li><\/ul><\/p><\/div><\/section><section class=\"aux-toggle-item\"><div id=\"aux-toggle-header-1355\" class=\"aux-toggle-header toggle-header\" tabindex=\"1355\" role=\"tab\" aria-controls=\"aux-toggle-content-1355\" >Kommunikationsdaten oder Nutzungsdaten <\/div><div id=\"aux-toggle-content-1355\" class=\"aux-toggle-content toggle-content\" tabindex=\"1355\" role=\"tabpanel\" aria-labelledby=\"aux-toggle-header-1355\" ><p>Wenn Sie \u00fcber Telekommunikationsdienste auf Webseiten zugreifen, werden Kommunikations- (z.B. IP-Adresse) bzw. Nutzungsdaten (z.B. Angaben zu Nutzungsbeginn und -dauer sowie zu den von Ihnen genutzten Telekommunikationsdiensten) automatisch auf technischem Wege erzeugt. Diese Daten k\u00f6nnen sich auf personenbezogene Daten beziehen. Ihre Kommunikations- oder Nutzungsdaten werden ggf. in \u00dcbereinstimmung mit den geltenden Rechtsvorschriften zum Datenschutz und zur Datensicherheit erhoben, verarbeitet und verwendet.<\/p><\/div><\/section><section class=\"aux-toggle-item\"><div id=\"aux-toggle-header-1356\" class=\"aux-toggle-header toggle-header\" tabindex=\"1356\" role=\"tab\" aria-controls=\"aux-toggle-content-1356\" >Automatisch erhobene nicht-personenbezogene Daten <\/div><div id=\"aux-toggle-content-1356\" class=\"aux-toggle-content toggle-content\" tabindex=\"1356\" role=\"tabpanel\" aria-labelledby=\"aux-toggle-header-1356\" ><p>Wenn Sie auf unsere Website zugreifen, k\u00f6nnen wir automatisch (d. h. nicht \u00fcber eine Anmeldung) nicht-personenbezogene Daten erheben (z. B. die Art des Internetbrowsers und des Betriebssystems, das Sie verwenden, der Domainname der Website, von der aus Sie zugreifen, die Anzahl der Besuche, die durchschnittliche Verweildauer auf der Seite, die aufgerufenen Seiten). Wir k\u00f6nnen diese Informationen verwenden und weitergeben, um den Verkehr auf der Website zu \u00fcberwachen und ihren Betrieb oder Inhalt zu verbessern.<\/p><\/div><\/section><section class=\"aux-toggle-item\"><div id=\"aux-toggle-header-1357\" class=\"aux-toggle-header toggle-header\" tabindex=\"1357\" role=\"tab\" aria-controls=\"aux-toggle-content-1357\" >Cookies \u2013 Informationen, die automatisch auf Ihrem Computer gespeichert werden <\/div><div id=\"aux-toggle-content-1357\" class=\"aux-toggle-content toggle-content\" tabindex=\"1357\" role=\"tabpanel\" aria-labelledby=\"aux-toggle-header-1357\" ><p>Wenn Sie auf unsere Website zugreifen, k\u00f6nnen wir bestimmte Daten in Form von Cookies auf Ihrem Computer speichern, um Sie bei Ihrem n\u00e4chsten Besuch automatisch zu identifizieren. Cookies k\u00f6nnen uns in mehrfacher Hinsicht helfen, z. B. um die Website besser auf Ihre Interessen abzustimmen oder um Ihre E-Mail-Adresse oder Ihren Namen im Kontaktformular zu speichern, damit Sie diese nicht jedes Mal neu eingeben m\u00fcssen. Wenn Sie keine Cookies erhalten m\u00f6chten, sollten Sie Ihren Internetbrowser so einstellen, dass er Cookies von der Festplatte Ihres Computers l\u00f6scht, alle Cookies blockiert oder eine Warnung ausgibt, bevor Cookies gespeichert werden.<\/p><\/div><\/section><section class=\"aux-toggle-item\"><div id=\"aux-toggle-header-1358\" class=\"aux-toggle-header toggle-header\" tabindex=\"1358\" role=\"tab\" aria-controls=\"aux-toggle-content-1358\" >Sicherheit <\/div><div id=\"aux-toggle-content-1358\" class=\"aux-toggle-content toggle-content\" tabindex=\"1358\" role=\"tabpanel\" aria-labelledby=\"aux-toggle-header-1358\" ><p>Verbalis d.o.o. trifft physische, technische und organisatorische Sicherheitsma\u00dfnahmen, um Ihre personenbezogenen Daten gegen zuf\u00e4llige oder unrechtm\u00e4\u00dfige Zerst\u00f6rung, Verlust oder Ver\u00e4nderung und gegen unberechtigte Weitergabe oder unberechtigten Zugriff zu sch\u00fctzen.<\/p><\/div><\/section><section class=\"aux-toggle-item\"><div id=\"aux-toggle-header-1359\" class=\"aux-toggle-header toggle-header\" tabindex=\"1359\" role=\"tab\" aria-controls=\"aux-toggle-content-1359\" >Fragen und Kommentare <\/div><div id=\"aux-toggle-content-1359\" class=\"aux-toggle-content toggle-content\" tabindex=\"1359\" role=\"tabpanel\" aria-labelledby=\"aux-toggle-header-1359\" ><p>Verbalis d.o.o. wird auf alle angemessenen Anfragen zur Einsicht in personenbezogene Daten und zur Berichtigung, Erg\u00e4nzung oder L\u00f6schung unzutreffender Daten reagieren. Bitte besuchen Sie diese Seite regelm\u00e4\u00dfig, um die aktuellsten Informationen zu erhalten.<\/p><\/div><\/section><section class=\"aux-toggle-item\"><div id=\"aux-toggle-header-13510\" class=\"aux-toggle-header toggle-header\" tabindex=\"13510\" role=\"tab\" aria-controls=\"aux-toggle-content-13510\" >Kontaktaufnahme \u00fcber das Kontaktformular <\/div><div id=\"aux-toggle-content-13510\" class=\"aux-toggle-content toggle-content\" tabindex=\"13510\" role=\"tabpanel\" aria-labelledby=\"aux-toggle-header-13510\" ><p>Durch das Senden einer E-Mail \u00fcber das Kontaktformular gibt der Nutzer seine pers\u00f6nliche Zustimmung zur Erhebung, Verwendung und Verarbeitung seiner personenbezogenen Daten.<\/p><\/div><\/section><section class=\"aux-toggle-item\"><div id=\"aux-toggle-header-13511\" class=\"aux-toggle-header toggle-header\" tabindex=\"13511\" role=\"tab\" aria-controls=\"aux-toggle-content-13511\" >Zustimmung <\/div><div id=\"aux-toggle-content-13511\" class=\"aux-toggle-content toggle-content\" tabindex=\"13511\" role=\"tabpanel\" aria-labelledby=\"aux-toggle-header-13511\" ><p>Mit der Auswahl der Option \u201eIch stimme den Nutzungsbedingungen zu\u201c beim Zugriff auf unsere Website gibt der Nutzer seine pers\u00f6nliche Zustimmung zur Erhebung, Verwendung, Verarbeitung und \u00dcbermittlung seiner personenbezogenen f\u00fcr die Nutzung der Website erforderlichen Daten.<\/p><p>\u00a0<\/p><p>Sie k\u00f6nnen Einsicht in die vom Datenverarbeiter unterzeichnete Vertraulichkeitserkl\u00e4rung in den R\u00e4umlichkeiten von Verbalis d.o.o. nehmen.<\/p><p>\u00a0<\/p><p>Der f\u00fcr die Verarbeitung Ihrer personenbezogenen Daten Verantwortliche ist Verbalis d.o.o., Jela\u010di\u0107ev trg 7, 51000 Rijeka.<\/p><p>\u00a0<\/p><p>Gem\u00e4\u00df Artikel 7 der Datenschutzgrundverordnung hat der Befragte das Recht, seine Einwilligung jederzeit zu widerrufen. Der Widerruf der Einwilligung ber\u00fchrt nicht die Rechtm\u00e4\u00dfigkeit der Datenverarbeitung, die auf der Einwilligung vor deren Widerruf beruht. Vor der Erteilung der Einwilligung ist der Befragte dar\u00fcber zu informieren. Der Widerruf der Einwilligung ist so einfach wie die Erteilung der Einwilligung.<\/p><p>\u00a0<\/p><p>Sie k\u00f6nnen Ihren Widerruf pers\u00f6nlich in den R\u00e4umlichkeiten von Verbalis d.o.o., per Post an die oben genannte Anschrift oder per E-Mail an info@verbalis.hr einreichen.<\/p><p>\u00a0<\/p><p>Sie erkl\u00e4ren hiermit ausdr\u00fccklich, dass Sie \u00fcber 18 Jahre alt sind und Ihre Einwilligung rechtswirksam erteilen k\u00f6nnen. Damit best\u00e4tigen Sie auch Ihr Einverst\u00e4ndnis mit den Nutzungsbedingungen in Bezug auf den Inhalt der Website von Verbalis d.o.o. sowie mit der Datenschutzerkl\u00e4rung auf den Webseiten, deren Inhalt Ihnen bekannt ist.<\/p><\/div><\/section><\/div><\/section><!-- widget-container -->\t\t<\/div>\n\t\t\t\t<\/div>\n\t\t\t\t\t<\/div>\n\t\t<\/div>\n\t\t\t\t\t<\/div>\n\t\t<\/section>\n\t\t\t\t\t<\/div>\n\t\t<\/div>\n\t\t\t\t\t<\/div>\n\t\t<\/section>\n\t\t\t\t<\/div>\n\t\t","protected":false},"excerpt":{"rendered":"<p>VERBALIS Datenschutz-Bestimmungen Einwilligungserkl\u00e4rung zur Verwendung personenbezogener Daten Verpflichtung zur Vertraulichkeit im Umgang mit personenbezogenen Daten Verbalis d.o.o. ber\u00fccksichtigt den Schutz der Sicherheit und Vertraulichkeit personenbezogener Daten und betreibt seine Gesch\u00e4ftst\u00e4tigkeit in \u00dcbereinstimmung mit den geltenden Rechtsvorschriften zum Datenschutz und zur Datensicherheit (GDPR). Nachstehend finden Sie die Arten von Daten, die Verbalis d.o.o. erheben kann, die [&hellip;]<\/p>\n","protected":false},"author":3,"featured_media":0,"parent":0,"menu_order":0,"comment_status":"closed","ping_status":"closed","template":"templates\/page-builder-content.php","meta":{"footnotes":""},"class_list":["post-2551","page","type-page","status-publish","hentry"],"yoast_head":"<!-- This site is optimized with the Yoast SEO plugin v27.6 - https:\/\/yoast.com\/product\/yoast-seo-wordpress\/ -->\n<title>Datenschutz-Bestimmungen - Verbalis Prijevodi<\/title>\n<meta name=\"description\" content=\"Lesen Sie die Datenschutz-Bestimmungen der Verbalis-Website und die Zustimmungserkl\u00e4rung zur Verwendung personenbezogener Daten.\" \/>\n<meta name=\"robots\" content=\"index, follow, max-snippet:-1, max-image-preview:large, max-video-preview:-1\" \/>\n<link rel=\"canonical\" href=\"https:\/\/verbalis-prijevodi.com\/de\/datenschutz-bestimmungen\/\" \/>\n<meta property=\"og:locale\" content=\"de_DE\" \/>\n<meta property=\"og:type\" content=\"article\" \/>\n<meta property=\"og:title\" content=\"Datenschutz-Bestimmungen - Verbalis Prijevodi\" \/>\n<meta property=\"og:description\" content=\"Lesen Sie die Datenschutz-Bestimmungen der Verbalis-Website und die Zustimmungserkl\u00e4rung zur Verwendung personenbezogener Daten.\" \/>\n<meta property=\"og:url\" content=\"https:\/\/verbalis-prijevodi.com\/de\/datenschutz-bestimmungen\/\" \/>\n<meta property=\"og:site_name\" content=\"Verbalis Prijevodi\" \/>\n<meta property=\"article:publisher\" content=\"https:\/\/www.facebook.com\/prijevodiVerbalis\/\" \/>\n<meta property=\"article:modified_time\" content=\"2023-03-07T13:16:41+00:00\" \/>\n<meta property=\"og:image\" content=\"http:\/\/verbalis-prijevodi.com\/wp-content\/uploads\/2023\/01\/Group_7543-alt5-3.svg\" \/>\n<meta name=\"twitter:card\" content=\"summary_large_image\" \/>\n<meta name=\"twitter:label1\" content=\"Gesch\u00e4tzte Lesezeit\" \/>\n\t<meta name=\"twitter:data1\" content=\"6\u00a0Minuten\" \/>\n<script type=\"application\/ld+json\" class=\"yoast-schema-graph\">{\"@context\":\"https:\\\/\\\/schema.org\",\"@graph\":[{\"@type\":\"WebPage\",\"@id\":\"https:\\\/\\\/verbalis-prijevodi.com\\\/de\\\/datenschutz-bestimmungen\\\/\",\"url\":\"https:\\\/\\\/verbalis-prijevodi.com\\\/de\\\/datenschutz-bestimmungen\\\/\",\"name\":\"Datenschutz-Bestimmungen - Verbalis Prijevodi\",\"isPartOf\":{\"@id\":\"https:\\\/\\\/verbalis-prijevodi.com\\\/#website\"},\"primaryImageOfPage\":{\"@id\":\"https:\\\/\\\/verbalis-prijevodi.com\\\/de\\\/datenschutz-bestimmungen\\\/#primaryimage\"},\"image\":{\"@id\":\"https:\\\/\\\/verbalis-prijevodi.com\\\/de\\\/datenschutz-bestimmungen\\\/#primaryimage\"},\"thumbnailUrl\":\"http:\\\/\\\/verbalis.hr\\\/wp-content\\\/uploads\\\/2023\\\/01\\\/Group_7543-alt5-3.svg\",\"datePublished\":\"2023-01-16T18:32:49+00:00\",\"dateModified\":\"2023-03-07T13:16:41+00:00\",\"description\":\"Lesen Sie die Datenschutz-Bestimmungen der Verbalis-Website und die Zustimmungserkl\u00e4rung zur Verwendung personenbezogener Daten.\",\"breadcrumb\":{\"@id\":\"https:\\\/\\\/verbalis-prijevodi.com\\\/de\\\/datenschutz-bestimmungen\\\/#breadcrumb\"},\"inLanguage\":\"de\",\"potentialAction\":[{\"@type\":\"ReadAction\",\"target\":[\"https:\\\/\\\/verbalis-prijevodi.com\\\/de\\\/datenschutz-bestimmungen\\\/\"]}]},{\"@type\":\"ImageObject\",\"inLanguage\":\"de\",\"@id\":\"https:\\\/\\\/verbalis-prijevodi.com\\\/de\\\/datenschutz-bestimmungen\\\/#primaryimage\",\"url\":\"http:\\\/\\\/verbalis.hr\\\/wp-content\\\/uploads\\\/2023\\\/01\\\/Group_7543-alt5-3.svg\",\"contentUrl\":\"http:\\\/\\\/verbalis.hr\\\/wp-content\\\/uploads\\\/2023\\\/01\\\/Group_7543-alt5-3.svg\"},{\"@type\":\"BreadcrumbList\",\"@id\":\"https:\\\/\\\/verbalis-prijevodi.com\\\/de\\\/datenschutz-bestimmungen\\\/#breadcrumb\",\"itemListElement\":[{\"@type\":\"ListItem\",\"position\":1,\"name\":\"Po\u010detna stranica\",\"item\":\"https:\\\/\\\/verbalis-prijevodi.com\\\/de\\\/\"},{\"@type\":\"ListItem\",\"position\":2,\"name\":\"Datenschutz-Bestimmungen\"}]},{\"@type\":\"WebSite\",\"@id\":\"https:\\\/\\\/verbalis-prijevodi.com\\\/#website\",\"url\":\"https:\\\/\\\/verbalis-prijevodi.com\\\/\",\"name\":\"Verbalis Prijevodi\",\"description\":\"Prijevodi najvi\u0161e kvalitete\",\"publisher\":{\"@id\":\"https:\\\/\\\/verbalis-prijevodi.com\\\/#organization\"},\"potentialAction\":[{\"@type\":\"SearchAction\",\"target\":{\"@type\":\"EntryPoint\",\"urlTemplate\":\"https:\\\/\\\/verbalis-prijevodi.com\\\/?s={search_term_string}\"},\"query-input\":{\"@type\":\"PropertyValueSpecification\",\"valueRequired\":true,\"valueName\":\"search_term_string\"}}],\"inLanguage\":\"de\"},{\"@type\":\"Organization\",\"@id\":\"https:\\\/\\\/verbalis-prijevodi.com\\\/#organization\",\"name\":\"Verbalis Prijevodi\",\"url\":\"https:\\\/\\\/verbalis-prijevodi.com\\\/\",\"logo\":{\"@type\":\"ImageObject\",\"inLanguage\":\"de\",\"@id\":\"https:\\\/\\\/verbalis-prijevodi.com\\\/#\\\/schema\\\/logo\\\/image\\\/\",\"url\":\"https:\\\/\\\/verbalis.hr\\\/wp-content\\\/uploads\\\/2019\\\/06\\\/logo-w.png\",\"contentUrl\":\"https:\\\/\\\/verbalis.hr\\\/wp-content\\\/uploads\\\/2019\\\/06\\\/logo-w.png\",\"width\":400,\"height\":107,\"caption\":\"Verbalis Prijevodi\"},\"image\":{\"@id\":\"https:\\\/\\\/verbalis-prijevodi.com\\\/#\\\/schema\\\/logo\\\/image\\\/\"},\"sameAs\":[\"https:\\\/\\\/www.facebook.com\\\/prijevodiVerbalis\\\/\"]}]}<\/script>\n<!-- \/ Yoast SEO plugin. -->","yoast_head_json":{"title":"Datenschutz-Bestimmungen - Verbalis Prijevodi","description":"Lesen Sie die Datenschutz-Bestimmungen der Verbalis-Website und die Zustimmungserkl\u00e4rung zur Verwendung personenbezogener Daten.","robots":{"index":"index","follow":"follow","max-snippet":"max-snippet:-1","max-image-preview":"max-image-preview:large","max-video-preview":"max-video-preview:-1"},"canonical":"https:\/\/verbalis-prijevodi.com\/de\/datenschutz-bestimmungen\/","og_locale":"de_DE","og_type":"article","og_title":"Datenschutz-Bestimmungen - Verbalis Prijevodi","og_description":"Lesen Sie die Datenschutz-Bestimmungen der Verbalis-Website und die Zustimmungserkl\u00e4rung zur Verwendung personenbezogener Daten.","og_url":"https:\/\/verbalis-prijevodi.com\/de\/datenschutz-bestimmungen\/","og_site_name":"Verbalis Prijevodi","article_publisher":"https:\/\/www.facebook.com\/prijevodiVerbalis\/","article_modified_time":"2023-03-07T13:16:41+00:00","og_image":[{"url":"http:\/\/verbalis-prijevodi.com\/wp-content\/uploads\/2023\/01\/Group_7543-alt5-3.svg","type":"","width":"","height":""}],"twitter_card":"summary_large_image","twitter_misc":{"Gesch\u00e4tzte Lesezeit":"6\u00a0Minuten"},"schema":{"@context":"https:\/\/schema.org","@graph":[{"@type":"WebPage","@id":"https:\/\/verbalis-prijevodi.com\/de\/datenschutz-bestimmungen\/","url":"https:\/\/verbalis-prijevodi.com\/de\/datenschutz-bestimmungen\/","name":"Datenschutz-Bestimmungen - Verbalis Prijevodi","isPartOf":{"@id":"https:\/\/verbalis-prijevodi.com\/#website"},"primaryImageOfPage":{"@id":"https:\/\/verbalis-prijevodi.com\/de\/datenschutz-bestimmungen\/#primaryimage"},"image":{"@id":"https:\/\/verbalis-prijevodi.com\/de\/datenschutz-bestimmungen\/#primaryimage"},"thumbnailUrl":"http:\/\/verbalis.hr\/wp-content\/uploads\/2023\/01\/Group_7543-alt5-3.svg","datePublished":"2023-01-16T18:32:49+00:00","dateModified":"2023-03-07T13:16:41+00:00","description":"Lesen Sie die Datenschutz-Bestimmungen der Verbalis-Website und die Zustimmungserkl\u00e4rung zur Verwendung personenbezogener Daten.","breadcrumb":{"@id":"https:\/\/verbalis-prijevodi.com\/de\/datenschutz-bestimmungen\/#breadcrumb"},"inLanguage":"de","potentialAction":[{"@type":"ReadAction","target":["https:\/\/verbalis-prijevodi.com\/de\/datenschutz-bestimmungen\/"]}]},{"@type":"ImageObject","inLanguage":"de","@id":"https:\/\/verbalis-prijevodi.com\/de\/datenschutz-bestimmungen\/#primaryimage","url":"http:\/\/verbalis.hr\/wp-content\/uploads\/2023\/01\/Group_7543-alt5-3.svg","contentUrl":"http:\/\/verbalis.hr\/wp-content\/uploads\/2023\/01\/Group_7543-alt5-3.svg"},{"@type":"BreadcrumbList","@id":"https:\/\/verbalis-prijevodi.com\/de\/datenschutz-bestimmungen\/#breadcrumb","itemListElement":[{"@type":"ListItem","position":1,"name":"Po\u010detna stranica","item":"https:\/\/verbalis-prijevodi.com\/de\/"},{"@type":"ListItem","position":2,"name":"Datenschutz-Bestimmungen"}]},{"@type":"WebSite","@id":"https:\/\/verbalis-prijevodi.com\/#website","url":"https:\/\/verbalis-prijevodi.com\/","name":"Verbalis Prijevodi","description":"Prijevodi najvi\u0161e kvalitete","publisher":{"@id":"https:\/\/verbalis-prijevodi.com\/#organization"},"potentialAction":[{"@type":"SearchAction","target":{"@type":"EntryPoint","urlTemplate":"https:\/\/verbalis-prijevodi.com\/?s={search_term_string}"},"query-input":{"@type":"PropertyValueSpecification","valueRequired":true,"valueName":"search_term_string"}}],"inLanguage":"de"},{"@type":"Organization","@id":"https:\/\/verbalis-prijevodi.com\/#organization","name":"Verbalis Prijevodi","url":"https:\/\/verbalis-prijevodi.com\/","logo":{"@type":"ImageObject","inLanguage":"de","@id":"https:\/\/verbalis-prijevodi.com\/#\/schema\/logo\/image\/","url":"https:\/\/verbalis.hr\/wp-content\/uploads\/2019\/06\/logo-w.png","contentUrl":"https:\/\/verbalis.hr\/wp-content\/uploads\/2019\/06\/logo-w.png","width":400,"height":107,"caption":"Verbalis Prijevodi"},"image":{"@id":"https:\/\/verbalis-prijevodi.com\/#\/schema\/logo\/image\/"},"sameAs":["https:\/\/www.facebook.com\/prijevodiVerbalis\/"]}]}},"_links":{"self":[{"href":"https:\/\/verbalis.hr\/de\/wp-json\/wp\/v2\/pages\/2551","targetHints":{"allow":["GET"]}}],"collection":[{"href":"https:\/\/verbalis.hr\/de\/wp-json\/wp\/v2\/pages"}],"about":[{"href":"https:\/\/verbalis.hr\/de\/wp-json\/wp\/v2\/types\/page"}],"author":[{"embeddable":true,"href":"https:\/\/verbalis.hr\/de\/wp-json\/wp\/v2\/users\/3"}],"replies":[{"embeddable":true,"href":"https:\/\/verbalis.hr\/de\/wp-json\/wp\/v2\/comments?post=2551"}],"version-history":[{"count":12,"href":"https:\/\/verbalis.hr\/de\/wp-json\/wp\/v2\/pages\/2551\/revisions"}],"predecessor-version":[{"id":3653,"href":"https:\/\/verbalis.hr\/de\/wp-json\/wp\/v2\/pages\/2551\/revisions\/3653"}],"wp:attachment":[{"href":"https:\/\/verbalis.hr\/de\/wp-json\/wp\/v2\/media?parent=2551"}],"curies":[{"name":"wp","href":"https:\/\/api.w.org\/{rel}","templated":true}]}}